{"id":13796,"date":"2025-06-06T21:17:47","date_gmt":"2025-06-06T21:17:47","guid":{"rendered":"https:\/\/limousine-boeken.nl\/?page_id=13796"},"modified":"2025-06-28T20:05:49","modified_gmt":"2025-06-28T20:05:49","slug":"veelgestelde-vragen","status":"publish","type":"page","link":"https:\/\/limousine-boeken.nl\/de\/veelgestelde-vragen\/","title":{"rendered":"H\u00e4ufig gestellte Fragen"},"content":{"rendered":"<div data-elementor-type=\"wp-page\" data-elementor-id=\"13796\" class=\"elementor elementor-13796\">\n\t\t\t\t<div class=\"elementor-element elementor-element-49b4282 e-con-full e-flex e-con e-parent\" data-id=\"49b4282\" data-element_type=\"container\" data-e-type=\"container\" data-settings=\"{&quot;background_background&quot;:&quot;classic&quot;}\">\n\t\t<div class=\"elementor-element elementor-element-e5cc45b e-con-full e-flex e-con e-child\" data-id=\"e5cc45b\" data-element_type=\"container\" data-e-type=\"container\" data-settings=\"{&quot;background_background&quot;:&quot;slideshow&quot;,&quot;animation&quot;:&quot;none&quot;,&quot;background_slideshow_gallery&quot;:[{&quot;id&quot;:15523,&quot;url&quot;:&quot;https:\\\/\\\/limousine-boeken.nl\\\/files\\\/2025\\\/06\\\/Limousine-huren.jpg&quot;},{&quot;id&quot;:15679,&quot;url&quot;:&quot;https:\\\/\\\/limousine-boeken.nl\\\/files\\\/2025\\\/06\\\/5750c363-3fc2-4bdf-8cd0-cacd863e2c29.jpg&quot;},{&quot;id&quot;:15672,&quot;url&quot;:&quot;https:\\\/\\\/limousine-boeken.nl\\\/files\\\/2025\\\/06\\\/70e50bdc-82db-4faf-b793-01018ef200ad.jpg&quot;},{&quot;id&quot;:15701,&quot;url&quot;:&quot;https:\\\/\\\/limousine-boeken.nl\\\/files\\\/2025\\\/06\\\/Limousine-huren-2.jpg&quot;}],&quot;background_slideshow_slide_duration&quot;:2000,&quot;background_slideshow_loop&quot;:&quot;yes&quot;,&quot;background_slideshow_slide_transition&quot;:&quot;fade&quot;,&quot;background_slideshow_transition_duration&quot;:500}\">\n\t\t\t\t<div data-custom-animations=\"true\" data-ca-options=\"{&quot;addChildTimelines&quot;:false,&quot;trigger&quot;:&quot;firstChild&quot;,&quot;animationTarget&quot;:&quot;.lqd-split-chars .lqd-chars .split-inner, .lqd-adv-txt-fig&quot;,&quot;duration&quot;:350,&quot;delay&quot;:20,&quot;ease&quot;:&quot;power2.out&quot;,&quot;initValues&quot;:{&quot;y&quot;:&quot;80px&quot;,&quot;rotationZ&quot;:10,&quot;opacity&quot;:0,&quot;transformOrigin&quot;:&quot;50% 50% 0px&quot;},&quot;animations&quot;:{&quot;y&quot;:&quot;0px&quot;,&quot;rotationZ&quot;:0,&quot;opacity&quot;:1,&quot;transformOrigin&quot;:&quot;50% 50% 0px&quot;}}\" class=\"elementor-element elementor-element-3624033 elementor-widget elementor-widget-hub_fancy_heading lqd-el-has-inner-anim\" data-id=\"3624033\" data-element_type=\"widget\" data-e-type=\"widget\" data-settings=\"{&quot;enable_split&quot;:&quot;true&quot;,&quot;split_type&quot;:&quot;chars, words&quot;}\" data-widget_type=\"hub_fancy_heading.default\">\n\t\t\t\t<div class=\"elementor-widget-container\">\n\t\t\t\t\t\n\t\t<div id=\"ld-fancy-heading-6a036fdcde5d7\" class=\"ld-fancy-heading pos-rel\">\n\t\t\t<h1 class=\"ld-fh-element d-inline-block pos-rel  elementor-heading-title lqd-highlight-custom lqd-highlight-custom-2 lqd-split-chars h1\"  data-split-text=\"true\" data-split-options='{\"type\":\"chars, words\"}'> H\u00e4ufig gestellte Fragen<\/h1>\t\t<\/div>\n\n\t\t\t\t\t\t<\/div>\n\t\t\t\t<\/div>\n\t\t\t\t<\/div>\n\t\t\t\t<\/div>\n\t\t<div data-section-luminosity=\"dark\" class=\"elementor-element elementor-element-462b168d e-con-full e-flex e-con e-parent\" data-id=\"462b168d\" data-element_type=\"container\" data-e-type=\"container\" data-settings=\"{&quot;background_background&quot;:&quot;classic&quot;}\">\n\t\t\t\t<div class=\"elementor-element elementor-element-c08edcb sub-heading elementor-widget elementor-widget-hub_fancy_heading\" data-id=\"c08edcb\" data-element_type=\"widget\" data-e-type=\"widget\" data-widget_type=\"hub_fancy_heading.default\">\n\t\t\t\t<div class=\"elementor-widget-container\">\n\t\t\t\t\t\n\t\t<div id=\"ld-fancy-heading-6a036fdcdec43\" class=\"ld-fancy-heading pos-rel\">\n\t\t\t<h6 class=\"ld-fh-element d-inline-block pos-rel  elementor-heading-title lqd-highlight-classic lqd-highlight-grow-left h6\"  > 5-Sterne-Kundendienst \u2022 Support<\/h6>\t\t<\/div>\n\n\t\t\t\t\t\t<\/div>\n\t\t\t\t<\/div>\n\t\t\t\t<div class=\"elementor-element elementor-element-6dfcea50 elementor-widget elementor-widget-spacer\" data-id=\"6dfcea50\" data-element_type=\"widget\" data-e-type=\"widget\" data-widget_type=\"spacer.default\">\n\t\t\t\t<div class=\"elementor-widget-container\">\n\t\t\t\t\t\t\t<div class=\"elementor-spacer\">\n\t\t\t<div class=\"elementor-spacer-inner\"><\/div>\n\t\t<\/div>\n\t\t\t\t\t\t<\/div>\n\t\t\t\t<\/div>\n\t\t\t\t<div class=\"elementor-element elementor-element-1d54e0e elementor-widget elementor-widget-hub_fancy_heading\" data-id=\"1d54e0e\" data-element_type=\"widget\" data-e-type=\"widget\" data-widget_type=\"hub_fancy_heading.default\">\n\t\t\t\t<div class=\"elementor-widget-container\">\n\t\t\t\t\t\n\t\t<div id=\"ld-fancy-heading-6a036fdcdf194\" class=\"ld-fancy-heading pos-rel\">\n\t\t\t<h2 class=\"ld-fh-element d-inline-block pos-rel  elementor-heading-title ld-gradient-heading lqd-highlight-custom lqd-highlight-custom-2 h2\"  > Brauchen Sie Hilfe? Schauen Sie sich unsere FAQs an<\/h2>\t\t<\/div>\n\n\t\t\t\t\t\t<\/div>\n\t\t\t\t<\/div>\n\t\t\t\t<div class=\"elementor-element elementor-element-15a38a43 elementor-widget elementor-widget-spacer\" data-id=\"15a38a43\" data-element_type=\"widget\" data-e-type=\"widget\" data-widget_type=\"spacer.default\">\n\t\t\t\t<div class=\"elementor-widget-container\">\n\t\t\t\t\t\t\t<div class=\"elementor-spacer\">\n\t\t\t<div class=\"elementor-spacer-inner\"><\/div>\n\t\t<\/div>\n\t\t\t\t\t\t<\/div>\n\t\t\t\t<\/div>\n\t\t\t\t<div class=\"elementor-element elementor-element-2ca11341 elementor-widget__width-inherit elementor-widget elementor-widget-ld_accordion\" data-id=\"2ca11341\" data-element_type=\"widget\" data-e-type=\"widget\" data-widget_type=\"ld_accordion.default\">\n\t\t\t\t<div class=\"elementor-widget-container\">\n\t\t\t\t\t\n\t\t<div class=\"accordion accordion-sm\" id=\"accordion-6a036fdce1f1f\" role=\"tablist\" aria-multiselectable=\"true\">\n\t\t\t\t\t\t\t\t\t\t\t\t<div class=\"accordion-item panel\">\n\n\t\t\t\t<div class=\"accordion-heading\" role=\"tab\" id=\"heading-7481\">\n\t\t\t\t<h4 class=\"accordion-title  tabindex=\"-1\">\t\t\t\t\t<a class=\"collapsed\" role=\"button\" data-toggle=\"collapse\" data-bs-toggle=\"collapse\"\n                    tabindex=\"0\"\n\t\t\t\t\tdata-parent=\"#accordion-6a036fdce1f1f\" data-bs-parent=\"#accordion-6a036fdce1f1f\" href=\"#collapse-7481\" data-target=\"#collapse-7481\" data-bs-target=\"#collapse-7481\"\n\t\t\t\t\taria-expanded=\"false\" aria-controls=\"collapse-7481\">\n\t\t\t\t\t\t\t\t\t\t\t\t<span class=\"accordion-title-txt\">Wie kann ich eine Limousine reservieren?<\/span>\n\t\t\t\t\t\t\t\t\t\t\t\t\t<span class=\"accordion-expander\"><i class=\"lqd-icn-ess icon-ion-ios-add\"><\/i><i class=\"lqd-icn-ess icon-ion-ios-remove\"><\/i><\/span>\t\t\t\t\t\t\t\t\t\t\t<\/a>\n\t\t\t\t<\/h4>\t\t\t\t<\/div>\n\n\t\t\t\t<div id=\"collapse-7481\" class=\"accordion-collapse collapse\" data-bs-parent=\"#accordion-6a036fdce1f1f\" role=\"tabpanel\" aria-labelledby=\"heading-7481\">\n\n\t\t\t\t<div class=\"accordion-content\">\n\t\t\t\t\tBuchen Sie bequem online \u00fcber unser Buchungsformular oder kontaktieren Sie uns telefonisch oder per WhatsApp. Wir erstellen Ihnen gerne ein individuelles Angebot.\t\t\t\t<\/div>\n\n\t\t\t\t<\/div>\n\n\t\t\t<\/div>\n\t\t\t\t\t\t\t\t\t<div class=\"accordion-item panel\">\n\n\t\t\t\t<div class=\"accordion-heading\" role=\"tab\" id=\"heading-7482\">\n\t\t\t\t<h4 class=\"accordion-title  tabindex=\"-1\">\t\t\t\t\t<a class=\"collapsed\" role=\"button\" data-toggle=\"collapse\" data-bs-toggle=\"collapse\"\n                    tabindex=\"0\"\n\t\t\t\t\tdata-parent=\"#accordion-6a036fdce1f1f\" data-bs-parent=\"#accordion-6a036fdce1f1f\" href=\"#collapse-7482\" data-target=\"#collapse-7482\" data-bs-target=\"#collapse-7482\"\n\t\t\t\t\taria-expanded=\"false\" aria-controls=\"collapse-7482\">\n\t\t\t\t\t\t\t\t\t\t\t\t<span class=\"accordion-title-txt\">Wie viel kostet es, eine Limousine zu mieten?<\/span>\n\t\t\t\t\t\t\t\t\t\t\t\t\t<span class=\"accordion-expander\"><i class=\"lqd-icn-ess icon-ion-ios-add\"><\/i><i class=\"lqd-icn-ess icon-ion-ios-remove\"><\/i><\/span>\t\t\t\t\t\t\t\t\t\t\t<\/a>\n\t\t\t\t<\/h4>\t\t\t\t<\/div>\n\n\t\t\t\t<div id=\"collapse-7482\" class=\"accordion-collapse collapse\" data-bs-parent=\"#accordion-6a036fdce1f1f\" role=\"tabpanel\" aria-labelledby=\"heading-7482\">\n\n\t\t\t\t<div class=\"accordion-content\">\n\t\t\t\t\tDer Preis h\u00e4ngt von der Dauer, dem Limousinentyp und dem Ort ab. Fordern Sie ein kostenloses Angebot f\u00fcr einen genauen Preis an.\t\t\t\t<\/div>\n\n\t\t\t\t<\/div>\n\n\t\t\t<\/div>\n\t\t\t\t\t\t\t\t\t<div class=\"accordion-item panel\">\n\n\t\t\t\t<div class=\"accordion-heading\" role=\"tab\" id=\"heading-7483\">\n\t\t\t\t<h4 class=\"accordion-title  tabindex=\"-1\">\t\t\t\t\t<a class=\"collapsed\" role=\"button\" data-toggle=\"collapse\" data-bs-toggle=\"collapse\"\n                    tabindex=\"0\"\n\t\t\t\t\tdata-parent=\"#accordion-6a036fdce1f1f\" data-bs-parent=\"#accordion-6a036fdce1f1f\" href=\"#collapse-7483\" data-target=\"#collapse-7483\" data-bs-target=\"#collapse-7483\"\n\t\t\t\t\taria-expanded=\"false\" aria-controls=\"collapse-7483\">\n\t\t\t\t\t\t\t\t\t\t\t\t<span class=\"accordion-title-txt\">Was ist im Limousinenservice enthalten?<\/span>\n\t\t\t\t\t\t\t\t\t\t\t\t\t<span class=\"accordion-expander\"><i class=\"lqd-icn-ess icon-ion-ios-add\"><\/i><i class=\"lqd-icn-ess icon-ion-ios-remove\"><\/i><\/span>\t\t\t\t\t\t\t\t\t\t\t<\/a>\n\t\t\t\t<\/h4>\t\t\t\t<\/div>\n\n\t\t\t\t<div id=\"collapse-7483\" class=\"accordion-collapse collapse\" data-bs-parent=\"#accordion-6a036fdce1f1f\" role=\"tabpanel\" aria-labelledby=\"heading-7483\">\n\n\t\t\t\t<div class=\"accordion-content\">\n\t\t\t\t\tUnser Service umfasst einen Fahrer, luxuri\u00f6se Innenausstattung, Klimaanlage, Musikanlage und auf Wunsch Getr\u00e4nke und einen roten Teppich-Service.\t\t\t\t<\/div>\n\n\t\t\t\t<\/div>\n\n\t\t\t<\/div>\n\t\t\t\t\t\t\t\t\t<div class=\"accordion-item panel\">\n\n\t\t\t\t<div class=\"accordion-heading\" role=\"tab\" id=\"heading-7484\">\n\t\t\t\t<h4 class=\"accordion-title  tabindex=\"-1\">\t\t\t\t\t<a class=\"collapsed\" role=\"button\" data-toggle=\"collapse\" data-bs-toggle=\"collapse\"\n                    tabindex=\"0\"\n\t\t\t\t\tdata-parent=\"#accordion-6a036fdce1f1f\" data-bs-parent=\"#accordion-6a036fdce1f1f\" href=\"#collapse-7484\" data-target=\"#collapse-7484\" data-bs-target=\"#collapse-7484\"\n\t\t\t\t\taria-expanded=\"false\" aria-controls=\"collapse-7484\">\n\t\t\t\t\t\t\t\t\t\t\t\t<span class=\"accordion-title-txt\">F\u00fcr welche Anl\u00e4sse kann ich eine Limousine buchen?<\/span>\n\t\t\t\t\t\t\t\t\t\t\t\t\t<span class=\"accordion-expander\"><i class=\"lqd-icn-ess icon-ion-ios-add\"><\/i><i class=\"lqd-icn-ess icon-ion-ios-remove\"><\/i><\/span>\t\t\t\t\t\t\t\t\t\t\t<\/a>\n\t\t\t\t<\/h4>\t\t\t\t<\/div>\n\n\t\t\t\t<div id=\"collapse-7484\" class=\"accordion-collapse collapse\" data-bs-parent=\"#accordion-6a036fdce1f1f\" role=\"tabpanel\" aria-labelledby=\"heading-7484\">\n\n\t\t\t\t<div class=\"accordion-content\">\n\t\t\t\t\tUnsere Limousinen eignen sich perfekt f\u00fcr Hochzeiten, Galas, Junggesellenabschiede, Geburtstage, Promotions, Fotoshootings und mehr.\t\t\t\t<\/div>\n\n\t\t\t\t<\/div>\n\n\t\t\t<\/div>\n\t\t\t\t\t\t\t\t\t<div class=\"accordion-item panel\">\n\n\t\t\t\t<div class=\"accordion-heading\" role=\"tab\" id=\"heading-7485\">\n\t\t\t\t<h4 class=\"accordion-title  tabindex=\"-1\">\t\t\t\t\t<a class=\"collapsed\" role=\"button\" data-toggle=\"collapse\" data-bs-toggle=\"collapse\"\n                    tabindex=\"0\"\n\t\t\t\t\tdata-parent=\"#accordion-6a036fdce1f1f\" data-bs-parent=\"#accordion-6a036fdce1f1f\" href=\"#collapse-7485\" data-target=\"#collapse-7485\" data-bs-target=\"#collapse-7485\"\n\t\t\t\t\taria-expanded=\"false\" aria-controls=\"collapse-7485\">\n\t\t\t\t\t\t\t\t\t\t\t\t<span class=\"accordion-title-txt\">Wie weit im Voraus sollte ich buchen?<\/span>\n\t\t\t\t\t\t\t\t\t\t\t\t\t<span class=\"accordion-expander\"><i class=\"lqd-icn-ess icon-ion-ios-add\"><\/i><i class=\"lqd-icn-ess icon-ion-ios-remove\"><\/i><\/span>\t\t\t\t\t\t\t\t\t\t\t<\/a>\n\t\t\t\t<\/h4>\t\t\t\t<\/div>\n\n\t\t\t\t<div id=\"collapse-7485\" class=\"accordion-collapse collapse\" data-bs-parent=\"#accordion-6a036fdce1f1f\" role=\"tabpanel\" aria-labelledby=\"heading-7485\">\n\n\t\t\t\t<div class=\"accordion-content\">\n\t\t\t\t\tWir empfehlen, insbesondere an Wochenenden, mindestens ein bis zwei Wochen im Voraus zu buchen. Last-Minute-Buchungen sind je nach Verf\u00fcgbarkeit m\u00f6glich.\t\t\t\t<\/div>\n\n\t\t\t\t<\/div>\n\n\t\t\t<\/div>\n\t\t\t\t\t\t\t\t\t<div class=\"accordion-item panel\">\n\n\t\t\t\t<div class=\"accordion-heading\" role=\"tab\" id=\"heading-7486\">\n\t\t\t\t<h4 class=\"accordion-title  tabindex=\"-1\">\t\t\t\t\t<a class=\"collapsed\" role=\"button\" data-toggle=\"collapse\" data-bs-toggle=\"collapse\"\n                    tabindex=\"0\"\n\t\t\t\t\tdata-parent=\"#accordion-6a036fdce1f1f\" data-bs-parent=\"#accordion-6a036fdce1f1f\" href=\"#collapse-7486\" data-target=\"#collapse-7486\" data-bs-target=\"#collapse-7486\"\n\t\t\t\t\taria-expanded=\"false\" aria-controls=\"collapse-7486\">\n\t\t\t\t\t\t\t\t\t\t\t\t<span class=\"accordion-title-txt\">Kann ich in der Limousine Musik abspielen?<\/span>\n\t\t\t\t\t\t\t\t\t\t\t\t\t<span class=\"accordion-expander\"><i class=\"lqd-icn-ess icon-ion-ios-add\"><\/i><i class=\"lqd-icn-ess icon-ion-ios-remove\"><\/i><\/span>\t\t\t\t\t\t\t\t\t\t\t<\/a>\n\t\t\t\t<\/h4>\t\t\t\t<\/div>\n\n\t\t\t\t<div id=\"collapse-7486\" class=\"accordion-collapse collapse\" data-bs-parent=\"#accordion-6a036fdce1f1f\" role=\"tabpanel\" aria-labelledby=\"heading-7486\">\n\n\t\t\t\t<div class=\"accordion-content\">\n\t\t\t\t\tJa, nat\u00fcrlich! Sie k\u00f6nnen Ihre eigene Musik \u00fcber Bluetooth oder den AUX-Anschluss der Limousine abspielen.\n\n\t\t\t\t<\/div>\n\n\t\t\t\t<\/div>\n\n\t\t\t<\/div>\n\t\t\t\t\t\t\n\t\t<\/div>\n\n\t\t\t\t\t\t<\/div>\n\t\t\t\t<\/div>\n\t\t<div class=\"elementor-element elementor-element-66667930 e-flex e-con-boxed e-con e-child\" data-id=\"66667930\" data-element_type=\"container\" data-e-type=\"container\">\n\t\t\t\t\t<div class=\"e-con-inner\">\n\t\t\t\t<div class=\"elementor-element elementor-element-155470cf elementor-widget elementor-widget-hub_fancy_heading\" data-id=\"155470cf\" data-element_type=\"widget\" data-e-type=\"widget\" data-widget_type=\"hub_fancy_heading.default\">\n\t\t\t\t<div class=\"elementor-widget-container\">\n\t\t\t\t\t\n\t\t<div id=\"ld-fancy-heading-6a036fdce250d\" class=\"ld-fancy-heading pos-rel\">\n\t\t\t<p class=\"ld-fh-element d-inline-block pos-rel  lqd-highlight-classic lqd-highlight-grow-left p\"  > Haben Sie Fragen? Schauen Sie sich die <a href=\"https:\/\/limousine-boeken.nl\/de\/contact\/\"><u>Kontaktseite<\/u><\/a> oder <a href=\"#\"><u>WhatsApp.<\/u><\/a><\/p>\t\t<\/div>\n\n\t\t\t\t\t\t<\/div>\n\t\t\t\t<\/div>\n\t\t\t\t\t<\/div>\n\t\t\t\t<\/div>\n\t\t\t\t<\/div>\n\t\t\t\t<\/div>","protected":false},"excerpt":{"rendered":"<p>Veelgestelde vragen 5 Star Customer \u2022 Support Hulp nodig? Bekijk de veelgestelde vragen Wat kost het huren van een limousine? De prijs hangt af van de duur, het type limousine en de locatie. Vraag vrijblijvend een offerte aan voor een exacte prijs. Voor welke gelegenheden kan ik een limousine boeken? Onze limousines zijn perfect voor [&hellip;]<\/p>","protected":false},"author":1,"featured_media":0,"parent":0,"menu_order":0,"comment_status":"closed","ping_status":"closed","template":"","meta":{"footnotes":""},"class_list":["post-13796","page","type-page","status-publish","hentry"],"yoast_head":"<!-- This site is optimized with the Yoast SEO plugin v27.4 - https:\/\/yoast.com\/product\/yoast-seo-wordpress\/ -->\n<title>Veelgestelde vragen - Limousine boeken<\/title>\n<meta name=\"description\" content=\"Vind snel antwoord op de meest gestelde vragen over onze limousine service, boekingen, tarieven en meer. Handig en overzichtelijk!\" \/>\n<meta name=\"robots\" content=\"index, follow, max-snippet:-1, max-image-preview:large, max-video-preview:-1\" \/>\n<link rel=\"canonical\" href=\"https:\/\/limousine-boeken.nl\/de\/veelgestelde-vragen\/\" \/>\n<meta property=\"og:locale\" content=\"de_DE\" \/>\n<meta property=\"og:type\" content=\"article\" \/>\n<meta property=\"og:title\" content=\"Veelgestelde vragen - Limousine boeken\" \/>\n<meta property=\"og:description\" content=\"Vind snel antwoord op de meest gestelde vragen over onze limousine service, boekingen, tarieven en meer. Handig en overzichtelijk!\" \/>\n<meta property=\"og:url\" content=\"https:\/\/limousine-boeken.nl\/de\/veelgestelde-vragen\/\" \/>\n<meta property=\"og:site_name\" content=\"Limousine boeken\" \/>\n<meta property=\"article:modified_time\" content=\"2025-06-28T20:05:49+00:00\" \/>\n<meta property=\"og:image\" content=\"https:\/\/limousine-boeken.nl\/files\/2025\/06\/Limousine-huren-7.png\" \/>\n\t<meta property=\"og:image:width\" content=\"560\" \/>\n\t<meta property=\"og:image:height\" content=\"700\" \/>\n\t<meta property=\"og:image:type\" content=\"image\/png\" \/>\n<meta name=\"twitter:card\" content=\"summary_large_image\" \/>\n<meta name=\"twitter:label1\" content=\"Gesch\u00e4tzte Lesezeit\" \/>\n\t<meta name=\"twitter:data1\" content=\"1\u00a0Minute\" \/>\n<script type=\"application\/ld+json\" class=\"yoast-schema-graph\">{\"@context\":\"https:\\\/\\\/schema.org\",\"@graph\":[{\"@type\":\"WebPage\",\"@id\":\"https:\\\/\\\/limousine-boeken.nl\\\/veelgestelde-vragen\\\/\",\"url\":\"https:\\\/\\\/limousine-boeken.nl\\\/veelgestelde-vragen\\\/\",\"name\":\"Veelgestelde vragen - Limousine boeken\",\"isPartOf\":{\"@id\":\"https:\\\/\\\/limousine-boeken.nl\\\/#website\"},\"datePublished\":\"2025-06-06T21:17:47+00:00\",\"dateModified\":\"2025-06-28T20:05:49+00:00\",\"description\":\"Vind snel antwoord op de meest gestelde vragen over onze limousine service, boekingen, tarieven en meer. Handig en overzichtelijk!\",\"breadcrumb\":{\"@id\":\"https:\\\/\\\/limousine-boeken.nl\\\/veelgestelde-vragen\\\/#breadcrumb\"},\"inLanguage\":\"de\",\"potentialAction\":[{\"@type\":\"ReadAction\",\"target\":[\"https:\\\/\\\/limousine-boeken.nl\\\/veelgestelde-vragen\\\/\"]}]},{\"@type\":\"BreadcrumbList\",\"@id\":\"https:\\\/\\\/limousine-boeken.nl\\\/veelgestelde-vragen\\\/#breadcrumb\",\"itemListElement\":[{\"@type\":\"ListItem\",\"position\":1,\"name\":\"Home\",\"item\":\"https:\\\/\\\/limousine-boeken.nl\\\/\"},{\"@type\":\"ListItem\",\"position\":2,\"name\":\"Veelgestelde vragen\"}]},{\"@type\":\"WebSite\",\"@id\":\"https:\\\/\\\/limousine-boeken.nl\\\/#website\",\"url\":\"https:\\\/\\\/limousine-boeken.nl\\\/\",\"name\":\"Limousine boeken\",\"description\":\"Limousine boeken\",\"publisher\":{\"@id\":\"https:\\\/\\\/limousine-boeken.nl\\\/#organization\"},\"alternateName\":\"Limousine huren\",\"potentialAction\":[{\"@type\":\"SearchAction\",\"target\":{\"@type\":\"EntryPoint\",\"urlTemplate\":\"https:\\\/\\\/limousine-boeken.nl\\\/?s={search_term_string}\"},\"query-input\":{\"@type\":\"PropertyValueSpecification\",\"valueRequired\":true,\"valueName\":\"search_term_string\"}}],\"inLanguage\":\"de\"},{\"@type\":\"Organization\",\"@id\":\"https:\\\/\\\/limousine-boeken.nl\\\/#organization\",\"name\":\"Limousine boeken\",\"url\":\"https:\\\/\\\/limousine-boeken.nl\\\/\",\"logo\":{\"@type\":\"ImageObject\",\"inLanguage\":\"de\",\"@id\":\"https:\\\/\\\/limousine-boeken.nl\\\/#\\\/schema\\\/logo\\\/image\\\/\",\"url\":\"https:\\\/\\\/limousine-boeken.nl\\\/files\\\/2025\\\/06\\\/Limousine-huren-7.png\",\"contentUrl\":\"https:\\\/\\\/limousine-boeken.nl\\\/files\\\/2025\\\/06\\\/Limousine-huren-7.png\",\"width\":560,\"height\":700,\"caption\":\"Limousine boeken\"},\"image\":{\"@id\":\"https:\\\/\\\/limousine-boeken.nl\\\/#\\\/schema\\\/logo\\\/image\\\/\"},\"sameAs\":[\"https:\\\/\\\/www.instagram.com\\\/limousineboeken\\\/\"]}]}<\/script>\n<!-- \/ Yoast SEO plugin. -->","yoast_head_json":{"title":"Veelgestelde vragen - Limousine boeken","description":"Vind snel antwoord op de meest gestelde vragen over onze limousine service, boekingen, tarieven en meer. Handig en overzichtelijk!","robots":{"index":"index","follow":"follow","max-snippet":"max-snippet:-1","max-image-preview":"max-image-preview:large","max-video-preview":"max-video-preview:-1"},"canonical":"https:\/\/limousine-boeken.nl\/de\/veelgestelde-vragen\/","og_locale":"de_DE","og_type":"article","og_title":"Veelgestelde vragen - Limousine boeken","og_description":"Vind snel antwoord op de meest gestelde vragen over onze limousine service, boekingen, tarieven en meer. Handig en overzichtelijk!","og_url":"https:\/\/limousine-boeken.nl\/de\/veelgestelde-vragen\/","og_site_name":"Limousine boeken","article_modified_time":"2025-06-28T20:05:49+00:00","og_image":[{"width":560,"height":700,"url":"https:\/\/limousine-boeken.nl\/files\/2025\/06\/Limousine-huren-7.png","type":"image\/png"}],"twitter_card":"summary_large_image","twitter_misc":{"Gesch\u00e4tzte Lesezeit":"1\u00a0Minute"},"schema":{"@context":"https:\/\/schema.org","@graph":[{"@type":"WebPage","@id":"https:\/\/limousine-boeken.nl\/veelgestelde-vragen\/","url":"https:\/\/limousine-boeken.nl\/veelgestelde-vragen\/","name":"Veelgestelde vragen - Limousine boeken","isPartOf":{"@id":"https:\/\/limousine-boeken.nl\/#website"},"datePublished":"2025-06-06T21:17:47+00:00","dateModified":"2025-06-28T20:05:49+00:00","description":"Vind snel antwoord op de meest gestelde vragen over onze limousine service, boekingen, tarieven en meer. Handig en overzichtelijk!","breadcrumb":{"@id":"https:\/\/limousine-boeken.nl\/veelgestelde-vragen\/#breadcrumb"},"inLanguage":"de","potentialAction":[{"@type":"ReadAction","target":["https:\/\/limousine-boeken.nl\/veelgestelde-vragen\/"]}]},{"@type":"BreadcrumbList","@id":"https:\/\/limousine-boeken.nl\/veelgestelde-vragen\/#breadcrumb","itemListElement":[{"@type":"ListItem","position":1,"name":"Home","item":"https:\/\/limousine-boeken.nl\/"},{"@type":"ListItem","position":2,"name":"Veelgestelde vragen"}]},{"@type":"WebSite","@id":"https:\/\/limousine-boeken.nl\/#website","url":"https:\/\/limousine-boeken.nl\/","name":"Buchen Sie eine Limousine","description":"Buchen Sie eine Limousine","publisher":{"@id":"https:\/\/limousine-boeken.nl\/#organization"},"alternateName":"Limousine huren","potentialAction":[{"@type":"SearchAction","target":{"@type":"EntryPoint","urlTemplate":"https:\/\/limousine-boeken.nl\/?s={search_term_string}"},"query-input":{"@type":"PropertyValueSpecification","valueRequired":true,"valueName":"search_term_string"}}],"inLanguage":"de"},{"@type":"Organization","@id":"https:\/\/limousine-boeken.nl\/#organization","name":"Buchen Sie eine Limousine","url":"https:\/\/limousine-boeken.nl\/","logo":{"@type":"ImageObject","inLanguage":"de","@id":"https:\/\/limousine-boeken.nl\/#\/schema\/logo\/image\/","url":"https:\/\/limousine-boeken.nl\/files\/2025\/06\/Limousine-huren-7.png","contentUrl":"https:\/\/limousine-boeken.nl\/files\/2025\/06\/Limousine-huren-7.png","width":560,"height":700,"caption":"Limousine boeken"},"image":{"@id":"https:\/\/limousine-boeken.nl\/#\/schema\/logo\/image\/"},"sameAs":["https:\/\/www.instagram.com\/limousineboeken\/"]}]}},"_links":{"self":[{"href":"https:\/\/limousine-boeken.nl\/de\/wp-json\/wp\/v2\/pages\/13796","targetHints":{"allow":["GET"]}}],"collection":[{"href":"https:\/\/limousine-boeken.nl\/de\/wp-json\/wp\/v2\/pages"}],"about":[{"href":"https:\/\/limousine-boeken.nl\/de\/wp-json\/wp\/v2\/types\/page"}],"author":[{"embeddable":true,"href":"https:\/\/limousine-boeken.nl\/de\/wp-json\/wp\/v2\/users\/1"}],"replies":[{"embeddable":true,"href":"https:\/\/limousine-boeken.nl\/de\/wp-json\/wp\/v2\/comments?post=13796"}],"version-history":[{"count":136,"href":"https:\/\/limousine-boeken.nl\/de\/wp-json\/wp\/v2\/pages\/13796\/revisions"}],"predecessor-version":[{"id":16100,"href":"https:\/\/limousine-boeken.nl\/de\/wp-json\/wp\/v2\/pages\/13796\/revisions\/16100"}],"wp:attachment":[{"href":"https:\/\/limousine-boeken.nl\/de\/wp-json\/wp\/v2\/media?parent=13796"}],"curies":[{"name":"wp","href":"https:\/\/api.w.org\/{rel}","templated":true}]}}